{"id":10,"date":"2017-11-09T19:59:46","date_gmt":"2017-11-09T18:59:46","guid":{"rendered":"http:\/\/www-srv.fritz.box\/?page_id=10"},"modified":"2017-11-20T19:23:35","modified_gmt":"2017-11-20T18:23:35","slug":"modellschiffe","status":"publish","type":"page","link":"http:\/\/modellbauverein.ddns.net\/?page_id=10","title":{"rendered":"Modellschiffe"},"content":{"rendered":"<p style=\"text-align: justify;\">Innerhalb des Modellbauclubs Brunsb\u00fcttel bilden die auf den Bau von Modellschiffen spezialisierten Clubmitglieder die Sparte &#8222;Schiffsmodellbau&#8220;.<br \/>\nWir sind eine kleine Gruppe von derzeit 12 Mitgliedern im Alter zwischen 14 und 85 Jahren, die sich speziell mit dem Bau ferngesteuerter Schiffsmodelle aller Art befasst.<br \/>\nW\u00e4hrend sich die eigentliche Bauphase fast ausschlie\u00dflich im h\u00e4uslichen Umfeld abspielt, treffen wir uns in der sog. Freiluftsaison von April bis Oktober im w\u00f6chentlichen Rhythmus an unserem Modellanleger an der Braake, um die Modelle zu Wasser zu lassen und deren Fahrverhalten sowie die technischen Funktionen zu \u00fcberpr\u00fcfen uns ggfs. zu optimieren.<br \/>\nBei diesen Treffen wird gefachsimpelt und den Clubmitgliedern manch guter Rat zur L\u00f6sung modellbautechnischer Probleme an die Hand gegeben. In der Gemeinschaft erh\u00e4lt man auch Informationen \u00fcber g\u00fcnstige Einkaufsm\u00f6glichkeiten i. Sa Modellbau bzw. kann diese durch etwaige Sammelbestellungen mit Preisvorteil nutzen.<\/p>\n<p style=\"text-align: justify;\">Gern pr\u00e4sentieren wir auch unsere Modellbauflotte bei \u00f6ffentlichen Veranstaltungen, wie z.B. dem<br \/>\nj\u00e4hrlich stattfindenden Flohmarkt in Brunsb\u00fcttel, dem Kanalgeburtstag bzw. der NOK &#8211; Romantika. Neben diesen Veranstaltungen vor Ort nehmen wir aber auch Einladungen befreundeter Modellbauclus aus der Region und sonstiger Institutionen an.<br \/>\nSofern die \u00f6rtlichen und technischen Verh\u00e4ltnisse eine Pr\u00e4sentation der Modelle in Fahrt nicht zulassen, zeigen wir unsere Schiffsmodelle auch gern als reine Ausstellungsst\u00fccke.<\/p>\n<p style=\"text-align: justify;\">Zusammenfassend gesagt betreiben wie ein sehr interessantes und abwechslungsreiches Hobby, das uns durch die Darstellung ansiech gro\u00dfer Einzelobjekte im Kleinformat immer wieder aufs Neue fasziniert.<\/p>\n<p><strong>Spartenleiter:<\/strong><br \/>\nReinhard Kellner<br \/>\nHerm.-Schwieger-Stra\u00dfe 8<br \/>\n25709 Marne<\/p>\n","protected":false},"excerpt":{"rendered":"<p>Innerhalb des Modellbauclubs Brunsb\u00fcttel bilden die auf den Bau von Modellschiffen spezialisierten Clubmitglieder die Sparte &#8222;Schiffsmodellbau&#8220;. Wir sind eine kleine Gruppe von derzeit 12 Mitgliedern im Alter zwischen 14 und &hellip; <\/p>\n<p class=\"link-more\"><a href=\"http:\/\/modellbauverein.ddns.net\/?page_id=10\" class=\"more-link\"><span class=\"screen-reader-text\">\u201eModellschiffe\u201c<\/span> weiterlesen<\/a><\/p>\n","protected":false},"author":1,"featured_media":0,"parent":0,"menu_order":0,"comment_status":"closed","ping_status":"closed","template":"","meta":{"footnotes":""},"class_list":["post-10","page","type-page","status-publish","hentry"],"_links":{"self":[{"href":"http:\/\/modellbauverein.ddns.net\/index.php?rest_route=\/wp\/v2\/pages\/10"}],"collection":[{"href":"http:\/\/modellbauverein.ddns.net\/index.php?rest_route=\/wp\/v2\/pages"}],"about":[{"href":"http:\/\/modellbauverein.ddns.net\/index.php?rest_route=\/wp\/v2\/types\/page"}],"author":[{"embeddable":true,"href":"http:\/\/modellbauverein.ddns.net\/index.php?rest_route=\/wp\/v2\/users\/1"}],"replies":[{"embeddable":true,"href":"http:\/\/modellbauverein.ddns.net\/index.php?rest_route=%2Fwp%2Fv2%2Fcomments&post=10"}],"version-history":[{"count":6,"href":"http:\/\/modellbauverein.ddns.net\/index.php?rest_route=\/wp\/v2\/pages\/10\/revisions"}],"predecessor-version":[{"id":104,"href":"http:\/\/modellbauverein.ddns.net\/index.php?rest_route=\/wp\/v2\/pages\/10\/revisions\/104"}],"wp:attachment":[{"href":"http:\/\/modellbauverein.ddns.net\/index.php?rest_route=%2Fwp%2Fv2%2Fmedia&parent=10"}],"curies":[{"name":"wp","href":"https:\/\/api.w.org\/{rel}","templated":true}]}}