{"id":230,"date":"2019-06-10T13:53:23","date_gmt":"2019-06-10T11:53:23","guid":{"rendered":"http:\/\/modellbauverein.ddns.net\/?page_id=230"},"modified":"2021-05-26T11:54:48","modified_gmt":"2021-05-26T09:54:48","slug":"datenschutz","status":"publish","type":"page","link":"http:\/\/modellbauverein.ddns.net\/?page_id=230","title":{"rendered":"Datenschutz"},"content":{"rendered":"<p><strong>Datenschutzerkl\u00e4rung<\/strong><\/p>\n<p>Geltungsbereich und Umgang mit personenbezogenen Daten<\/p>\n<p>Diese Datenschutzerkl\u00e4rung informiert die Nutzer dar\u00fcber, in welchem Umfang und zu welchem Zwecke die Erhebung und Verarbeitung personenbezogener Daten erfolgt.<\/p>\n<p>Verantwortlich f\u00fcr diese Website ist:<\/p>\n<p>Modellbauclub Brunsb\u00fcttel e. V.<br>Vertreten durch:<br>Thomas Maiwald<br>Delbr\u00fcckstr. 46<br>25541 Brunsb\u00fcttel<br>04852 54173<br><a href=\"mailto:t.ma&#105;wa&#108;d&#064;&#116;-&#111;&#110;l&#105;ne.&#100;e\">t.ma&#105;wa&#108;d&#064;&#116;-&#111;&#110;l&#105;ne.&#100;e<\/a><\/p>\n<p>Die gesetzlichen Regelungen zum Datenschutz gehen aus der europ\u00e4ischen Datenschutzgrundverordnung hervor. Das Bundesdatenschutzgesetz (BDSG) und das Telemediengesetz (TMG) gelten erg\u00e4nzend.<\/p>\n<p>Zu den personenbezogenen Daten geh\u00f6ren beispielsweise der Name, die Anschrift oder das Geburtsdatum des Nutzers (vgl. Art. 4 DSGVO). Diese Informationen werden nur gem\u00e4\u00df der gesetzlichen Datenschutzbestimmungen auf der Website erhoben und verarbeitet.<\/p>\n<p><strong>Zugriffsdaten<\/strong><\/p>\n<p>Der Seitenbetreiber erhebt, auf Grund eines berechtigten Interesses folgende Daten:<\/p>\n<ul>\n<li style=\"list-style-type: none;\">\n<ul>\n<li>&nbsp;&nbsp;&nbsp; Zielwebsite<\/li>\n<li>&nbsp;&nbsp;&nbsp; Zeitpunkt des Zugriffs<\/li>\n<li>&nbsp;&nbsp;&nbsp; Gesendete Datenmenge<\/li>\n<li>&nbsp;&nbsp;&nbsp; Quellseite<\/li>\n<li>&nbsp;&nbsp;&nbsp; verwendeter Browser<\/li>\n<li>&nbsp;&nbsp;&nbsp; Verwendetes Betriebssystem<\/li>\n<li>&nbsp;&nbsp;&nbsp; IP-Adresse<\/li>\n<\/ul>\n<\/li>\n<\/ul>\n<p>Die Daten werden maximal 7 Tage gespeichert und anschlie\u00dfend gel\u00f6scht. Die Speicherung dient der Sicherheit, um Missbrauch verfolgen und aufkl\u00e4ren zu k\u00f6nnen. Tritt ein solcher Fall ein, k\u00f6nnen die betroffenen Daten bis zur Kl\u00e4rung des Vorfalls gespeichert bleiben.<\/p>\n<p><strong>Erfassung und Verarbeitung personenbezogener Daten<\/strong><\/p>\n<p>Die im Rahmen der Nutzung anfallenden personenbezogenen Daten, die durch den Betreiber erhoben werden, werden nur mit ausdr\u00fccklicher Einverst\u00e4ndniserkl\u00e4rung oder unter Anwendung gesetzlicher Regeln weitergegeben. Auch hier gelten die Betroffenenrechte auf L\u00f6schung, Korrektur etc.<\/p>\n<p>Bei einer anonymen Nutzung der Seite werden nur die nicht personenbezogenen Daten gespeichert und dazu verwendet das Online-Angebot zu verbessern. Eine R\u00fcckverfolgung \u00fcber diese Daten ist nicht m\u00f6glich.<\/p>\n<p><strong>Cookies<\/strong><\/p>\n<p>Um die Nutzerfreundlichkeit auf der Website zu verbessern, werden sog. Cookies verwendet. Sie erm\u00f6glichen Nutzern, die wiederholt die Website besuchen, einen leichteren Zugang. Cookies sind kleine Dateien, die vom Browser des Nutzers auf den PC dessen \u00fcbertragen und dort gespeichert werden. Diese Wiedererkennung ist m\u00f6glich, weil die Cookies auch die IP-Adresse \u00fcbermitteln.<\/p>\n<p>Nutzer m\u00fcssen dies nicht zulassen, denn die Browser halten M\u00f6glichkeiten bereit, die Speicherung von Cookies auszuschalten oder zumindest einzuschr\u00e4nken. In diesem Zusammenhang ist darauf hinzuweisen, dass dann ggf. die vollumf\u00e4ngliche Nutzung der Website nicht gegeben ist.<\/p>\n<p><strong>Google Analytics<\/strong><\/p>\n<p>Diese Website nutzt aufgrund unserer berechtigten Interessen zur Optimierung und Analyse unseres Online-Angebots im Sinne des Art. 6 Abs. 1 lit. f. DSGVO den Dienst \u201eGoogle Analytics\u201c, welcher von der Google Inc. (1600 Amphitheatre Parkway Mountain View, CA 94043, USA) angeboten wird. Der Dienst (Google Analytics) verwendet \u201eCookies\u201c \u2013Textdateien, welche auf Ihrem Endger\u00e4t gespeichert werden. Die durch die Cookies gesammelten Informationen werden im Regelfall an einen Google-Server in den USA gesandt und dort gespeichert. Google LLC h\u00e4lt das europ\u00e4ische Datenschutzrecht ein und ist unter dem Privacy-Shield-Abkommen zertifiziert: <a href=\"https:\/\/www.privacyshield.gov\/participant?id=a2zt000000001L5AAI&amp;status=Active\">https:\/\/www.privacyshield.gov\/participant?id=a2zt000000001L5AAI&amp;status=Active<\/a> Auf dieser Website greift die IP-Anonymisierung. Die IP-Adresse der Nutzer wird innerhalb der Mitgliedsstaaten der EU und des Europ\u00e4ischen Wirtschaftsraum und in den anderen Vertragsstaaten des Abkommens gek\u00fcrzt. Nur in Einzelf\u00e4llen wird die IP-Adresse zun\u00e4chst ungek\u00fcrzt in die USA an einen Server von Google \u00fcbertragen und dort gek\u00fcrzt. Durch diese K\u00fcrzung entf\u00e4llt der Personenbezug Ihrer IP-Adresse. Die vom Browser \u00fcbermittelte IP-Adresse des Nutzers wird nicht mit anderen von Google gespeicherten Daten kombiniert. Im Rahmen der Vereinbarung zur Auftragsdatenvereinbarung, welche wir als Websitebetreiber mit der Google Inc. geschlossen haben, erstellt diese mithilfe der gesammelten Informationen eine Auswertung der Websitenutzung und der Websiteaktivit\u00e4t und erbringt mit der Internetnutzung verbundene Dienstleistungen. Die von Google in unserem Auftrag erhobenen Daten werden genutzt, um die Nutzung unseres Online-Angebots durch die einzelnen Nutzer auswerten zu k\u00f6nnen, z. B. um Reports \u00fcber die Aktivit\u00e4t auf der Website zu erstellen, um unser Online-Angebot zu verbessern. Sie haben die M\u00f6glichkeit, die Speicherung der Cookies auf Ihrem Ger\u00e4t zu verhindern, indem Sie in Ihrem Browser entsprechende Einstellungen vornehmen. Es ist nicht gew\u00e4hrleistet, dass Sie auf alle Funktionen dieser Website ohne Einschr\u00e4nkungen zugreifen k\u00f6nnen, wenn Ihr Browser keine Cookies zul\u00e4sst. Weiterhin k\u00f6nnen Sie durch ein Browser-Plugin verhindern, dass die durch Cookies gesammelten Informationen (inklusive Ihrer IP-Adresse) an die Google Inc. gesendet und von der Google Inc. genutzt werden. Folgender Link f\u00fchrt Sie zu dem entsprechenden Plugin: <a href=\"https:\/\/tools.google.com\/dlpage\/gaoptout?hl=de\">https:\/\/tools.google.com\/dlpage\/gaoptout?hl=de<\/a><\/p>\n<p>Alternativ verhindern Sie mit einem Klick auf diesen Link <code> <a onclick=\"alert('Ihre Besuche werden nun nicht mehr erfasst.');\" href=\"javascript:wiredminds.optOut()\">Vom Tracking ausschlie\u00dfen<\/a> <\/code>, dass Google Analytics innerhalb dieser Website Daten \u00fcber Sie erfasst. Mit dem Klick auf obigen Link laden Sie ein \u201eOpt-Out-Cookie\u201c herunter. Ihr Browser muss die Speicherung von Cookies also hierzu grunds\u00e4tzlich erlauben. L\u00f6schen Sie Ihre Cookies regelm\u00e4\u00dfig, ist ein erneuter Klick auf den Link bei jedem Besuch dieser Website vonn\u00f6ten.<\/p>\n<p>Hier finden Sie weitere Informationen zur Datennutzung durch die Google Inc.:<\/p>\n<ul>\n<li style=\"list-style-type: none;\">\n<ul>\n<li>&nbsp;&nbsp;&nbsp; <a href=\"https:\/\/policies.google.com\/privacy\/partners?hl=de\">https:\/\/policies.google.com\/privacy\/partners?hl=de <\/a>&nbsp;(Daten, die von Google-Partnern erhoben werden)<\/li>\n<li>&nbsp;&nbsp;&nbsp; <a href=\"https:\/\/adssettings.google.de\/authenticated\">https:\/\/adssettings.google.de\/authenticated<\/a> (Einstellungen \u00fcber Werbung, die Ihnen angezeigt wird)<\/li>\n<li>&nbsp;&nbsp;&nbsp; <a href=\"https:\/\/policies.google.com\/technologies\/ads?hl=de\">https:\/\/policies.google.com\/technologies\/ads?hl=de<\/a> (Verwendung von Cookies in Anzeigen)<\/li>\n<\/ul>\n<\/li>\n<\/ul>\n<p><strong>Recht auf Auskunft\/L\u00f6schung\/Widerruf<\/strong><\/p>\n<p>Die Datenschutzgrundverordnung r\u00e4umt es dem Nutzer ein, sich unentgeltlich bei dem Betreiber der Website dar\u00fcber zu informieren, welche personenbezogenen Daten gespeichert werden. Dar\u00fcber hinaus steht es diesem zu, eine L\u00f6schung, Sperrung oder Berichtigung falscher Daten zu veranlassen, soweit keine gesetzliche Aufbewahrungspflicht zu beachten ist.<\/p>\n\n\n<p><\/p>\n","protected":false},"excerpt":{"rendered":"<p>Datenschutzerkl\u00e4rung Geltungsbereich und Umgang mit personenbezogenen Daten Diese Datenschutzerkl\u00e4rung informiert die Nutzer dar\u00fcber, in welchem Umfang und zu welchem Zwecke die Erhebung und Verarbeitung personenbezogener Daten erfolgt. Verantwortlich f\u00fcr diese &hellip; <\/p>\n<p class=\"link-more\"><a href=\"http:\/\/modellbauverein.ddns.net\/?page_id=230\" class=\"more-link\"><span class=\"screen-reader-text\">\u201eDatenschutz\u201c<\/span> weiterlesen<\/a><\/p>\n","protected":false},"author":1,"featured_media":0,"parent":0,"menu_order":0,"comment_status":"closed","ping_status":"closed","template":"","meta":{"footnotes":""},"class_list":["post-230","page","type-page","status-publish","hentry"],"_links":{"self":[{"href":"http:\/\/modellbauverein.ddns.net\/index.php?rest_route=\/wp\/v2\/pages\/230"}],"collection":[{"href":"http:\/\/modellbauverein.ddns.net\/index.php?rest_route=\/wp\/v2\/pages"}],"about":[{"href":"http:\/\/modellbauverein.ddns.net\/index.php?rest_route=\/wp\/v2\/types\/page"}],"author":[{"embeddable":true,"href":"http:\/\/modellbauverein.ddns.net\/index.php?rest_route=\/wp\/v2\/users\/1"}],"replies":[{"embeddable":true,"href":"http:\/\/modellbauverein.ddns.net\/index.php?rest_route=%2Fwp%2Fv2%2Fcomments&post=230"}],"version-history":[{"count":17,"href":"http:\/\/modellbauverein.ddns.net\/index.php?rest_route=\/wp\/v2\/pages\/230\/revisions"}],"predecessor-version":[{"id":422,"href":"http:\/\/modellbauverein.ddns.net\/index.php?rest_route=\/wp\/v2\/pages\/230\/revisions\/422"}],"wp:attachment":[{"href":"http:\/\/modellbauverein.ddns.net\/index.php?rest_route=%2Fwp%2Fv2%2Fmedia&parent=230"}],"curies":[{"name":"wp","href":"https:\/\/api.w.org\/{rel}","templated":true}]}}