{"id":8,"date":"2017-11-09T20:04:24","date_gmt":"2017-11-09T19:04:24","guid":{"rendered":"http:\/\/www-srv.fritz.box\/?page_id=8"},"modified":"2026-02-16T08:59:52","modified_gmt":"2026-02-16T07:59:52","slug":"modellflug","status":"publish","type":"page","link":"http:\/\/modellbauverein.ddns.net\/?page_id=8","title":{"rendered":"Modellflug"},"content":{"rendered":"<p style=\"text-align: justify;\">Der Modellflug ist die mitgliederst\u00e4rkste Sparte des MCB. Wir betreiben eine zugelassenen Modellflugplatz am Meentbredenweg in Westerbelmhusen. Aufgrund der ummittelbaren N\u00e4he zu einigen Windkraftanlagen d\u00fcrfen dort aber nur Modellflugzeuge mit einem Abfluggewicht von max. 5 kg betrieben werden.<\/p>\n<p style=\"text-align: justify;\">Bei uns sind alle Arten von Flugmodellen vertreten. Sport-, Segel- und Kunstflugzeuge, Hubschrauber oder Flugzeuge aus den Anf\u00e4ngen der Fliegerei sind von unseren Mitgliedern gebaut worden. Wir betreiben mit unseren Modellen Flugzeug-Schlepp um die Segelflugzeuge auf H\u00f6he zu bringen oder werfen Modell-Fallschirmspringer ab, die dann ferngesteuert wieder den Boden erreichen.<\/p>\n<p style=\"text-align: justify;\">F\u00fcr Interessierte und Anf\u00e4nger steht auch ein vereinseigenes Modellflugzeug bereit, mit dem man \u00fcber eine Lehrer\/Sch\u00fcler-Fernsteuerung das Modellfliegen erlernen kann.<\/p>\n<p style=\"text-align: justify;\">In den Wintermonaten, wenn die Witterung eine Modellflug im Freien nicht zul\u00e4sst, treffen wir uns zum Hallenfliegen in der Sporthalle auf der S\u00fcdseite von Brunsb\u00fcttel.<\/p>\n<p style=\"text-align: justify;\">Allj\u00e4hrlich richten wir ein Hallenfliegen in der Sporthalle am Bildungszentrum aus und nehmen aktiv am Flugtag des Dithmarscher Luftsportverein auf dem Verkehrslandeplatz in Hopen teil.<\/p>\n<p>GPS-Koordinaten Modellflugplatz: 53\u00b055&#8217;35.7&#8243;N 9\u00b006&#8217;49.4&#8243;E<\/p>\n<p><strong>Spartenleiter:<\/strong><br \/>\nIngo Biere<br \/>\nEddelaker Str. 55<br \/>\n25541 Brunsb\u00fcttel<\/p>\n","protected":false},"excerpt":{"rendered":"<p>Der Modellflug ist die mitgliederst\u00e4rkste Sparte des MCB. Wir betreiben eine zugelassenen Modellflugplatz am Meentbredenweg in Westerbelmhusen. Aufgrund der ummittelbaren N\u00e4he zu einigen Windkraftanlagen d\u00fcrfen dort aber nur Modellflugzeuge mit &hellip; <\/p>\n<p class=\"link-more\"><a href=\"http:\/\/modellbauverein.ddns.net\/?page_id=8\" class=\"more-link\"><span class=\"screen-reader-text\">\u201eModellflug\u201c<\/span> weiterlesen<\/a><\/p>\n","protected":false},"author":1,"featured_media":0,"parent":0,"menu_order":0,"comment_status":"closed","ping_status":"closed","template":"","meta":{"footnotes":""},"class_list":["post-8","page","type-page","status-publish","hentry"],"_links":{"self":[{"href":"http:\/\/modellbauverein.ddns.net\/index.php?rest_route=\/wp\/v2\/pages\/8"}],"collection":[{"href":"http:\/\/modellbauverein.ddns.net\/index.php?rest_route=\/wp\/v2\/pages"}],"about":[{"href":"http:\/\/modellbauverein.ddns.net\/index.php?rest_route=\/wp\/v2\/types\/page"}],"author":[{"embeddable":true,"href":"http:\/\/modellbauverein.ddns.net\/index.php?rest_route=\/wp\/v2\/users\/1"}],"replies":[{"embeddable":true,"href":"http:\/\/modellbauverein.ddns.net\/index.php?rest_route=%2Fwp%2Fv2%2Fcomments&post=8"}],"version-history":[{"count":20,"href":"http:\/\/modellbauverein.ddns.net\/index.php?rest_route=\/wp\/v2\/pages\/8\/revisions"}],"predecessor-version":[{"id":487,"href":"http:\/\/modellbauverein.ddns.net\/index.php?rest_route=\/wp\/v2\/pages\/8\/revisions\/487"}],"wp:attachment":[{"href":"http:\/\/modellbauverein.ddns.net\/index.php?rest_route=%2Fwp%2Fv2%2Fmedia&parent=8"}],"curies":[{"name":"wp","href":"https:\/\/api.w.org\/{rel}","templated":true}]}}